{"id":543,"date":"2023-05-19T19:35:26","date_gmt":"2023-05-19T19:35:26","guid":{"rendered":"https:\/\/sanrisil.com.br\/?page_id=543"},"modified":"2023-05-19T19:58:10","modified_gmt":"2023-05-19T19:58:10","slug":"compromisso-com-os-direitos-humanos-eresponsabilidade-social","status":"publish","type":"page","link":"https:\/\/sanrisil.com.br\/?page_id=543","title":{"rendered":"COMPROMISSO COM OS DIREITOS HUMANOS E RESPONSABILIDADE SOCIAL"},"content":{"rendered":"\n<p class=\"has-text-align-left\">A SANRISIL alinhada \u00e0s melhores pr\u00e1ticas vigentes e como cumprimento das exig\u00eancias legais, assume o compromisso empresarial de respeitar e praticar a legisla\u00e7\u00e3o trabalhista, de seguran\u00e7a do trabalho, assim como as melhores pr\u00e1ticas de responsabilidade social. Essedocumento cont\u00e9m os princ\u00edpios gerais que norteiam o compromisso com intoler\u00e2ncia \u00e0 viola\u00e7\u00e3o dos direitos humanos e trabalhistas, assim como o cumprimento da legisla\u00e7\u00e3o de forma \u00e9tica e respons\u00e1vel. Em conformidade com esses princ\u00edpios a empresa implementou o C\u00f3digo de \u00c9tica e Conduta SANRISIL e canais de den\u00fancia para averigua\u00e7\u00e3o e tratativa. Nossas pol\u00edticas e procedimentos visa assegurar:<br><br><strong>1 \u2013 TRABALHO INFANTIL<\/strong><br><br>A SANRISIL n\u00e3o utiliza e nem utilizar\u00e1 sob qualquer pretexto, m\u00e3o de obra infantil em suas atividades empresariais e nem apoia sua utiliza\u00e7\u00e3o por parte de seus clientes e fornecedores. Aplica a proibi\u00e7\u00e3o legal do trabalho de menores de 16 anos, conforme estabelecido pela Constitui\u00e7\u00e3o Federal, Consolida\u00e7\u00e3o das Leis do Trabalho e Estatuto da Crian\u00e7a e do Adolescente.<\/p>\n\n\n\n<p class=\"has-text-align-left\"><strong>2 \u2013 TRABALHO FOR\u00c7ADO OU AN\u00c1LOGO AO ESCRAVO<br><\/strong><br>A SANRISIL n\u00e3o utiliza e nem utilizar\u00e1 na execu\u00e7\u00e3o de suas atividades empresariais, m\u00e3o de obra for\u00e7ada ou trabalho an\u00e1logo ao escravo e n\u00e3o apoia a utiliza\u00e7\u00e3o dessa m\u00e3o de obra por parte de seus clientes e fornecedores. Os contratos de trabalho da SANRISIL s\u00e3o regularmente formalizados. As remunera\u00e7\u00f5es devem observar o piso da categoria e fun\u00e7\u00e3o; ou n\u00e3o existindo instrumento coletivo, o sal\u00e1rio m\u00ednimo vigente. Os trabalhadores n\u00e3o poder\u00e3o ser retidos na empresa por d\u00edvidas de qualquer esp\u00e9cie ou pela reten\u00e7\u00e3o de seus documentos e objetos pessoais. Os trabalhadores n\u00e3o poder\u00e3o ser cerceados de seu direito \u00e0 liberdade<br>de ir e vir. N\u00e3o poder\u00e3o ser submetidos a castigos f\u00edsicos de qualquer esp\u00e9cie e nem amea\u00e7ados por vigil\u00e2ncia armada. N\u00e3o poder\u00e3o ser submetidos \u00e0 jornada excessiva de trabalho superior ao previsto nas leis trabalhistas.<\/p>\n\n\n\n<p class=\"has-text-align-left\"><br><strong>3 \u2013 RESPEITO \u00c0 DIGNIDADE<\/strong><\/p>\n\n\n\n<p class=\"has-text-align-left\"><br>A SANRISIL respeita a dignidade do trabalhador, seus direitos como cidad\u00e3o e n\u00e3o submete o mesmo a condi\u00e7\u00f5es indignas ou degradantes de trabalho, em especial com rela\u00e7\u00e3o \u00e0s condi\u00e7\u00f5es de higiene e conforto nos locais trabalho. Observa as normas de seguran\u00e7a do trabalho atrav\u00e9s da orienta\u00e7\u00e3o, treinamento e fornecimento de todos os equipamentos de<br>prote\u00e7\u00e3o individual e coletiva, bem como cumpre com as normas regulamentadoras (NR), expedidas pelo Minist\u00e9rio do Trabalho.<\/p>\n\n\n\n<p><strong>4 \u2013 TRABALHO INSALUBRE OU PERIGOSO<br><\/strong><br>A SANRISIL n\u00e3o utiliza sob qualquer pretexto o trabalho de menores de 18 anos em atividades insalubres (risco \u00e0 sa\u00fade \u2013 agentes qu\u00edmicos, f\u00edsicos ou biol\u00f3gicos), ou perigosos (risco \u00e0 vida \u2013 inflam\u00e1veis ou explosivos), bem como pro\u00edbe que trabalhadores maiores de 60 anos atuem na manipula\u00e7\u00e3o de agentes t\u00f3xicos.<br><br><strong>5 \u2013 SA\u00daDE E SEGURAN\u00c7A<br><\/strong><br>A SANRISIL proporciona a seus colaboradores um ambiente de trabalho seguro e saud\u00e1vel, com acesso \u00e0 \u00e1gua pot\u00e1vel, banheiros limpos, equipamentos de seguran\u00e7a individual e coletiva, bem como treinamentos. Adota medidas preventivas com o escopo de prevenir acidentes de trabalho e danos \u00e0 sa\u00fade.<br><br><strong>6 \u2013 JORNADA DE TRABALHO<br><\/strong><br>Os funcion\u00e1rios da SANRISIL n\u00e3o s\u00e3o submetidos a jornadas de trabalho di\u00e1rias superiores a 08 horas e 24 minutos e 42 horas semanais, mais de 1 hora e 36 minutos extras nos dias trabalhados. A empresa respeita as pausas de intervalos di\u00e1rios para descanso e refei\u00e7\u00e3o, o intervalo interjornada de 11 horas entre duas jornadas consecutivas e o descanso semanal, al\u00e9m dos feriados e f\u00e9rias regulamentares.<\/p>\n\n\n\n<p><strong>7 \u2013 LIBERDADE DE FILIA\u00c7\u00c3O E O DIREITO \u00c0 NEGOCIA\u00c7\u00c3O COLETIVA<br><\/strong><br>A SANRISIL respeita o direito de todos os funcion\u00e1rios de formar ou filiar-se a sindicatos, bem como negociar coletivamente.<br><br><strong>8 \u2013 COIBI\u00c7\u00c3O \u00c0 DISCRIMINA\u00c7\u00c3O<br><\/strong><br>A SANRISIL co\u00edbe qualquer atitude de discrimina\u00e7\u00e3o por ra\u00e7a, classe social, nacionalidade, religi\u00e3o, defici\u00eancia, sexo, idade, orienta\u00e7\u00e3o sexual, associa\u00e7\u00e3o sindical ou pol\u00edtica no ato de contrata\u00e7\u00e3o e na execu\u00e7\u00e3o do contrato de trabalho e em suas atividades empresariais.<br><br><strong>9 \u2013 PR\u00c1TICAS DISCIPLINARES<br><\/strong><br>A SANRISIL no uso de seu poder disciplinar em suas rela\u00e7\u00f5es trabalhistas, co\u00edbe a utiliza\u00e7\u00e3o de qualquer forma de puni\u00e7\u00e3o corporal, coer\u00e7\u00e3o psicol\u00f3gica, f\u00edsica ou abuso verbal (humilha\u00e7\u00e3o).<br><br><br>Sanrisil S.A &#8211; Estrada de Bonsucesso \u2013 Ita<\/p>\n","protected":false},"excerpt":{"rendered":"<p>A SANRISIL alinhada \u00e0s melhores pr\u00e1ticas vigentes e como cumprimento das exig\u00eancias legais, assume o compromisso empresarial de respeitar e praticar a legisla\u00e7\u00e3o trabalhista, de seguran\u00e7a do trabalho, assim como as melhores pr\u00e1ticas de responsabilidade social. Essedocumento cont\u00e9m os princ\u00edpios gerais que norteiam o compromisso com intoler\u00e2ncia \u00e0 viola\u00e7\u00e3o dos direitos humanos e trabalhistas, assim [&hellip;]<\/p>\n","protected":false},"author":1,"featured_media":0,"parent":0,"menu_order":0,"comment_status":"closed","ping_status":"closed","template":"","meta":{"footnotes":""},"class_list":["post-543","page","type-page","status-publish","hentry"],"aioseo_notices":[],"_links":{"self":[{"href":"https:\/\/sanrisil.com.br\/index.php?rest_route=\/wp\/v2\/pages\/543","targetHints":{"allow":["GET"]}}],"collection":[{"href":"https:\/\/sanrisil.com.br\/index.php?rest_route=\/wp\/v2\/pages"}],"about":[{"href":"https:\/\/sanrisil.com.br\/index.php?rest_route=\/wp\/v2\/types\/page"}],"author":[{"embeddable":true,"href":"https:\/\/sanrisil.com.br\/index.php?rest_route=\/wp\/v2\/users\/1"}],"replies":[{"embeddable":true,"href":"https:\/\/sanrisil.com.br\/index.php?rest_route=%2Fwp%2Fv2%2Fcomments&post=543"}],"version-history":[{"count":8,"href":"https:\/\/sanrisil.com.br\/index.php?rest_route=\/wp\/v2\/pages\/543\/revisions"}],"predecessor-version":[{"id":557,"href":"https:\/\/sanrisil.com.br\/index.php?rest_route=\/wp\/v2\/pages\/543\/revisions\/557"}],"wp:attachment":[{"href":"https:\/\/sanrisil.com.br\/index.php?rest_route=%2Fwp%2Fv2%2Fmedia&parent=543"}],"curies":[{"name":"wp","href":"https:\/\/api.w.org\/{rel}","templated":true}]}}