{"id":525,"date":"2023-03-21T12:16:50","date_gmt":"2023-03-21T12:16:50","guid":{"rendered":"https:\/\/sanrisil.com.br\/?page_id=525"},"modified":"2023-05-02T17:48:05","modified_gmt":"2023-05-02T17:48:05","slug":"politica-da-qualidade","status":"publish","type":"page","link":"https:\/\/sanrisil.com.br\/?page_id=525","title":{"rendered":"Pol\u00edtica da Qualidade"},"content":{"rendered":"\n<p>A SANRISIL visa oferecer aos seus clientes solu\u00e7\u00f5es eficientes e inovadoras, atendendo aos requisitos legais, zelando pela qualidade de seus produtos e servi\u00e7os prezando pela seguran\u00e7a dos alimentos e insumos farmac\u00eauticos ativos.\u00a0 Priorizando condi\u00e7\u00f5es de trabalho adequadas aos colaboradores, buscando continuamente a melhoria do Sistema de Gest\u00e3o da Qualidade, Seguran\u00e7a do Alimento e Meio Ambiente.<\/p>\n","protected":false},"excerpt":{"rendered":"<p>A SANRISIL visa oferecer aos seus clientes solu\u00e7\u00f5es eficientes e inovadoras, atendendo aos requisitos legais, zelando pela qualidade de seus produtos e servi\u00e7os prezando pela seguran\u00e7a dos alimentos e insumos farmac\u00eauticos ativos.\u00a0 Priorizando condi\u00e7\u00f5es de trabalho adequadas aos colaboradores, buscando continuamente a melhoria do Sistema de Gest\u00e3o da Qualidade, Seguran\u00e7a do Alimento e Meio Ambiente.<\/p>\n","protected":false},"author":1,"featured_media":0,"parent":0,"menu_order":0,"comment_status":"closed","ping_status":"closed","template":"","meta":{"footnotes":""},"class_list":["post-525","page","type-page","status-publish","hentry"],"aioseo_notices":[],"_links":{"self":[{"href":"https:\/\/sanrisil.com.br\/index.php?rest_route=\/wp\/v2\/pages\/525","targetHints":{"allow":["GET"]}}],"collection":[{"href":"https:\/\/sanrisil.com.br\/index.php?rest_route=\/wp\/v2\/pages"}],"about":[{"href":"https:\/\/sanrisil.com.br\/index.php?rest_route=\/wp\/v2\/types\/page"}],"author":[{"embeddable":true,"href":"https:\/\/sanrisil.com.br\/index.php?rest_route=\/wp\/v2\/users\/1"}],"replies":[{"embeddable":true,"href":"https:\/\/sanrisil.com.br\/index.php?rest_route=%2Fwp%2Fv2%2Fcomments&post=525"}],"version-history":[{"count":3,"href":"https:\/\/sanrisil.com.br\/index.php?rest_route=\/wp\/v2\/pages\/525\/revisions"}],"predecessor-version":[{"id":539,"href":"https:\/\/sanrisil.com.br\/index.php?rest_route=\/wp\/v2\/pages\/525\/revisions\/539"}],"wp:attachment":[{"href":"https:\/\/sanrisil.com.br\/index.php?rest_route=%2Fwp%2Fv2%2Fmedia&parent=525"}],"curies":[{"name":"wp","href":"https:\/\/api.w.org\/{rel}","templated":true}]}}