{"id":516,"date":"2022-12-20T13:29:53","date_gmt":"2022-12-20T13:29:53","guid":{"rendered":"https:\/\/sanrisil.com.br\/?page_id=516"},"modified":"2022-12-20T13:31:41","modified_gmt":"2022-12-20T13:31:41","slug":"politica-de-direito-e-uso-de-terra","status":"publish","type":"page","link":"https:\/\/sanrisil.com.br\/?page_id=516","title":{"rendered":"POL\u00cdTICA DE DIREITO E USO DE TERRA"},"content":{"rendered":"\n<p><br>Em rela\u00e7\u00e3o a propriedade e a utiliza\u00e7\u00e3o da terra e do solo, a Sanrisil S.A. Ind. e Com. torna p\u00fablica a presente pol\u00edtica, que compreende as seguintes diretrizes:<\/p>\n\n\n\n<p><br><strong>DIREITOS DE USO DA TERRA<\/strong><br>A Sanrisil se certifica de que somente utiliza em suas atividades im\u00f3veis de sua propriedade e posse, prezando em todas as suas opera\u00e7\u00f5es, pela boa-f\u00e9 e pelo respeito as comunidades locais e os seus respectivos direitos leg\u00edtimos a propriedade.<br>Os direitos de propriedade e uso regular da terra devem ser facilmente comprov\u00e1veis por interm\u00e9dio de documentos como certid\u00f5es emitidas pelos \u00f3rg\u00e3os competentes, respectivos cart\u00f3rios de registro de im\u00f3veis, escrituras de compra e venda, contratos de loca\u00e7\u00e3o ou ordens judiciais.<br>O compromisso com a legalidade est\u00e1 firmado em v\u00e1rios documentos da organiza\u00e7\u00e3o, a exemplo das nossas pol\u00edticas de SGI e Fornecedores que tratam de \u00e9tica e conformidade com a leis e respeito \u00e0s comunidades nas quais estamos inseridos.<br><\/p>\n\n\n\n<p><strong>A PROTE\u00c7\u00c3O E A SUSTENTABILIDADE DA TERRA<\/strong><br>O uso da terra e o desenvolvimento da atividade econ\u00f4mica pela Sanrisil respeita as legisla\u00e7\u00f5es de prote\u00e7\u00e3o ambiental aplic\u00e1veis. Igualmente, o uso da terra e o desenvolvimento da atividade econ\u00f4mica valoriza, respeita e estimula o desenvolvimento das comunidades locais e incentiva que os seus fornecedores assim o fa\u00e7am. A Sanrisil promove, interna e externamente, o uso respons\u00e1vel e sustent\u00e1vel dos recursos naturais, incluindo o solo.<\/p>\n\n\n\n<p><\/p>\n\n\n\n<p><strong>DI\u00c1LOGO E DESENVOLVIMENTO SOCIOAMBIENTAL<\/strong><br>A Sanrisil mant\u00e9m canais abertos de comunica\u00e7\u00e3o com as comunidades locais a fim de investigar e resolver eventuais queixas quanto ao uso da terra, bem como para a promo\u00e7\u00e3o do desenvolvimento socioambiental.<br>e-mail: sac@sanrisil.com,br<br><\/p>\n\n\n\n<p><strong>DAS ABSTEN\u00c7\u00d5ES<\/strong><br>Por fim, a Sanrisil se abst\u00e9m de utilizar, no desenvolvimento de suas atividades econ\u00f4micas terras desmatadas, irregulares, fruto de turba\u00e7\u00f5es, grilagem ou outras formas de ocupa\u00e7\u00f5es desconsentidas e n\u00e3o permitidas pela legisla\u00e7\u00e3o.<br><\/p>\n\n\n\n<p><strong>PUBLICIDADE E TRANSPAR\u00caNCIA<\/strong><br>A Sanrisil veicular\u00e1 a presente pol\u00edtica interna no site oficial: www.sanrisil.com.br, dando publicidade as suas diretrizes e tornando as suas rela\u00e7\u00f5es mais transparentes.<\/p>\n","protected":false},"excerpt":{"rendered":"<p>Em rela\u00e7\u00e3o a propriedade e a utiliza\u00e7\u00e3o da terra e do solo, a Sanrisil S.A. Ind. e Com. torna p\u00fablica a presente pol\u00edtica, que compreende as seguintes diretrizes: DIREITOS DE USO DA TERRAA Sanrisil se certifica de que somente utiliza em suas atividades im\u00f3veis de sua propriedade e posse, prezando em todas as suas opera\u00e7\u00f5es, [&hellip;]<\/p>\n","protected":false},"author":1,"featured_media":0,"parent":0,"menu_order":0,"comment_status":"closed","ping_status":"closed","template":"","meta":{"footnotes":""},"class_list":["post-516","page","type-page","status-publish","hentry"],"aioseo_notices":[],"_links":{"self":[{"href":"https:\/\/sanrisil.com.br\/index.php?rest_route=\/wp\/v2\/pages\/516","targetHints":{"allow":["GET"]}}],"collection":[{"href":"https:\/\/sanrisil.com.br\/index.php?rest_route=\/wp\/v2\/pages"}],"about":[{"href":"https:\/\/sanrisil.com.br\/index.php?rest_route=\/wp\/v2\/types\/page"}],"author":[{"embeddable":true,"href":"https:\/\/sanrisil.com.br\/index.php?rest_route=\/wp\/v2\/users\/1"}],"replies":[{"embeddable":true,"href":"https:\/\/sanrisil.com.br\/index.php?rest_route=%2Fwp%2Fv2%2Fcomments&post=516"}],"version-history":[{"count":1,"href":"https:\/\/sanrisil.com.br\/index.php?rest_route=\/wp\/v2\/pages\/516\/revisions"}],"predecessor-version":[{"id":517,"href":"https:\/\/sanrisil.com.br\/index.php?rest_route=\/wp\/v2\/pages\/516\/revisions\/517"}],"wp:attachment":[{"href":"https:\/\/sanrisil.com.br\/index.php?rest_route=%2Fwp%2Fv2%2Fmedia&parent=516"}],"curies":[{"name":"wp","href":"https:\/\/api.w.org\/{rel}","templated":true}]}}