{"id":126,"date":"2022-07-10T21:42:55","date_gmt":"2022-07-10T21:42:55","guid":{"rendered":"http:\/\/191.252.138.78\/~sanrisil\/?page_id=126"},"modified":"2022-07-29T21:19:59","modified_gmt":"2022-07-29T21:19:59","slug":"esg","status":"publish","type":"page","link":"https:\/\/sanrisil.com.br\/?page_id=126","title":{"rendered":"Environmental, social and Governance"},"content":{"rendered":"\n<p><strong>Sustentabilidade Ambiental e Social<\/strong><\/p>\n\n\n\n<p>A Sanrisil depende de seus fornecedores para prover os melhores extratos<br>vegetais ao mercado.<br>Valorizamos o extrativismo vegetal sustent\u00e1vel pelo respeito aos nossos<br>coletores, como simples indiv\u00edduos, ou membros das associa\u00e7\u00f5es e<br>cooperativas que realizam estas atividades.<br>Eles s\u00e3o guardi\u00e3es da natureza, pois ao colher os produtos ali presentes,<br>cuidam para que estes recursos sejam preservados para as futuras gera\u00e7\u00f5es.<br>A atividade de extrativismo vegetal sustent\u00e1vel mant\u00e9m as pessoas em suas<br>comunidades, gerando renda e propiciando uma vida com dignidade.<\/p>\n\n\n\n<figure class=\"wp-block-image size-large is-resized\"><img fetchpriority=\"high\" decoding=\"async\" src=\"http:\/\/191.252.138.78\/~sanrisil\/wp-content\/uploads\/2022\/07\/Grupo-535-1-1024x330.png\" alt=\"\" class=\"wp-image-323\" width=\"1117\" height=\"360\" srcset=\"https:\/\/sanrisil.com.br\/wp-content\/uploads\/2022\/07\/Grupo-535-1-1024x330.png 1024w, https:\/\/sanrisil.com.br\/wp-content\/uploads\/2022\/07\/Grupo-535-1-300x97.png 300w, https:\/\/sanrisil.com.br\/wp-content\/uploads\/2022\/07\/Grupo-535-1-768x248.png 768w, https:\/\/sanrisil.com.br\/wp-content\/uploads\/2022\/07\/Grupo-535-1-1536x495.png 1536w, https:\/\/sanrisil.com.br\/wp-content\/uploads\/2022\/07\/Grupo-535-1-1200x387.png 1200w, https:\/\/sanrisil.com.br\/wp-content\/uploads\/2022\/07\/Grupo-535-1.png 1972w\" sizes=\"(max-width: 1117px) 100vw, 1117px\" \/><\/figure>\n\n\n\n<div class=\"wp-block-columns is-layout-flex wp-container-core-columns-is-layout-9d6595d7 wp-block-columns-is-layout-flex\">\n<div class=\"wp-block-column is-layout-flow wp-block-column-is-layout-flow\" style=\"flex-basis:100%\"><\/div>\n<\/div>\n\n\n\n<p><\/p>\n","protected":false},"excerpt":{"rendered":"<p>Sustentabilidade Ambiental e Social A Sanrisil depende de seus fornecedores para prover os melhores extratosvegetais ao mercado.Valorizamos o extrativismo vegetal sustent\u00e1vel pelo respeito aos nossoscoletores, como simples indiv\u00edduos, ou membros das associa\u00e7\u00f5es ecooperativas que realizam estas atividades.Eles s\u00e3o guardi\u00e3es da natureza, pois ao colher os produtos ali presentes,cuidam para que estes recursos sejam preservados para [&hellip;]<\/p>\n","protected":false},"author":1,"featured_media":0,"parent":0,"menu_order":0,"comment_status":"closed","ping_status":"closed","template":"","meta":{"footnotes":""},"class_list":["post-126","page","type-page","status-publish","hentry"],"aioseo_notices":[],"_links":{"self":[{"href":"https:\/\/sanrisil.com.br\/index.php?rest_route=\/wp\/v2\/pages\/126","targetHints":{"allow":["GET"]}}],"collection":[{"href":"https:\/\/sanrisil.com.br\/index.php?rest_route=\/wp\/v2\/pages"}],"about":[{"href":"https:\/\/sanrisil.com.br\/index.php?rest_route=\/wp\/v2\/types\/page"}],"author":[{"embeddable":true,"href":"https:\/\/sanrisil.com.br\/index.php?rest_route=\/wp\/v2\/users\/1"}],"replies":[{"embeddable":true,"href":"https:\/\/sanrisil.com.br\/index.php?rest_route=%2Fwp%2Fv2%2Fcomments&post=126"}],"version-history":[{"count":16,"href":"https:\/\/sanrisil.com.br\/index.php?rest_route=\/wp\/v2\/pages\/126\/revisions"}],"predecessor-version":[{"id":324,"href":"https:\/\/sanrisil.com.br\/index.php?rest_route=\/wp\/v2\/pages\/126\/revisions\/324"}],"wp:attachment":[{"href":"https:\/\/sanrisil.com.br\/index.php?rest_route=%2Fwp%2Fv2%2Fmedia&parent=126"}],"curies":[{"name":"wp","href":"https:\/\/api.w.org\/{rel}","templated":true}]}}